{"id":263,"date":"2013-09-12T16:10:33","date_gmt":"2013-09-12T16:10:33","guid":{"rendered":"http:\/\/www.dataremis.com\/?p=263"},"modified":"2017-05-04T17:26:46","modified_gmt":"2017-05-04T20:26:46","slug":"configuracion-de-operadores","status":"publish","type":"page","link":"https:\/\/www.dataremis.com\/remises\/soporte\/manual-de-usuario\/configuracion-de-operadores\/","title":{"rendered":"Configuracion de Operadores"},"content":{"rendered":"<p>&#8211; Alta, modificacion o Baja de Operadores del sistema<br \/>\nIngrese en la opci\u00f3n \u00abConsultas\u00bb -&gt; \u00abOperadores\u00bb<br \/>\nDesde este m\u00f3dulo, se podr\u00e1n realizar cualquier tipo de operaci\u00f3n referente a los operadores del sistema.<br \/>\n<!--more--><br \/>\nPara agregar un operador, presione el bot\u00f3n agregar y aparecera una nueva ventana donde debera agregar todos los datos de este operador y los permisos de acceso al sistema<br \/>\nLos permisos son los siguientes:<br \/>\n&#8211; Tomar Pedidos: Ingreso en dicho m\u00f3dulo<br \/>\n&#8211; Despacho de viajes: Ingreso en dicho m\u00f3dulo<br \/>\n&#8211; Ver Reservas: En el buscador de viajes solo puede ver los viajes que se realizaron, pero no podra ver los viajes diferidos o las reservas.<br \/>\n&#8211; Modificar Datos: Podr\u00e1 modificar datos de veh\u00edculos, choferes, clientes y cuentas corrientes.<br \/>\n&#8211; Leer Datos: Podr\u00e1 acceder a los m\u00f3dulos descriptos para \u00abModificar Datos\u00bb, pero solo podr\u00e1 leerlos y no podr\u00e1 hacer ning\u00fan tipo de modificaci\u00f3n.<br \/>\n&#8211; Administraci\u00f3n: Podra efectuar liquidaciones de choferes, y cuentas corrientes, cobrar y pagar comisiones desde el m\u00f3dulo de caja. Podra ver solo los movimientos de caja del d\u00e1a de hoy<br \/>\n&#8211; Caja: Podr\u00e1 ver todos los movimientos de caja, tantos los del d\u00eda como d\u00eda anteriores.<br \/>\n&#8211; Gerencial: Puede realizar cualquier tipo de operaci\u00f3n.<\/p>\n<div style=\"width: 550px; margin: auto;\"><object width=\"550\" height=\"460\" classid=\"clsid:d27cdb6e-ae6d-11cf-96b8-444553540000\" codebase=\"http:\/\/download.macromedia.com\/pub\/shockwave\/cabs\/flash\/swflash.cab#version=6,0,40,0\"><param name=\"wmode\" value=\"transparent\" \/><param name=\"src\" value=\"http:\/\/www.youtube.com\/v\/Zih3Ns6XGWA&amp;rel=0\" \/><embed width=\"550\" height=\"460\" type=\"application\/x-shockwave-flash\" src=\"http:\/\/www.youtube.com\/v\/Zih3Ns6XGWA&amp;rel=0\" wmode=\"transparent\" \/><\/object><\/div>\n","protected":false},"excerpt":{"rendered":"<p>&#8211; Alta, modificacion o Baja de Operadores del sistema Ingrese en la opci\u00f3n \u00abConsultas\u00bb -&gt; \u00abOperadores\u00bb Desde este m\u00f3dulo, se podr\u00e1n realizar cualquier tipo de operaci\u00f3n referente a los operadores del sistema.<\/p>\n","protected":false},"author":1,"featured_media":0,"parent":190,"menu_order":11,"comment_status":"open","ping_status":"open","template":"","meta":[],"_links":{"self":[{"href":"https:\/\/www.dataremis.com\/remises\/wp-json\/wp\/v2\/pages\/263"}],"collection":[{"href":"https:\/\/www.dataremis.com\/remises\/wp-json\/wp\/v2\/pages"}],"about":[{"href":"https:\/\/www.dataremis.com\/remises\/wp-json\/wp\/v2\/types\/page"}],"author":[{"embeddable":true,"href":"https:\/\/www.dataremis.com\/remises\/wp-json\/wp\/v2\/users\/1"}],"replies":[{"embeddable":true,"href":"https:\/\/www.dataremis.com\/remises\/wp-json\/wp\/v2\/comments?post=263"}],"version-history":[{"count":5,"href":"https:\/\/www.dataremis.com\/remises\/wp-json\/wp\/v2\/pages\/263\/revisions"}],"predecessor-version":[{"id":337,"href":"https:\/\/www.dataremis.com\/remises\/wp-json\/wp\/v2\/pages\/263\/revisions\/337"}],"up":[{"embeddable":true,"href":"https:\/\/www.dataremis.com\/remises\/wp-json\/wp\/v2\/pages\/190"}],"wp:attachment":[{"href":"https:\/\/www.dataremis.com\/remises\/wp-json\/wp\/v2\/media?parent=263"}],"curies":[{"name":"wp","href":"https:\/\/api.w.org\/{rel}","templated":true}]}}